{"id":23,"date":"2020-08-04T16:51:12","date_gmt":"2020-08-04T14:51:12","guid":{"rendered":"http:\/\/rcbm.fr\/?page_id=23"},"modified":"2023-04-17T23:41:44","modified_gmt":"2023-04-17T21:41:44","slug":"nos-activites","status":"publish","type":"page","link":"https:\/\/rcbm.fr\/?page_id=23","title":{"rendered":"Nos activit\u00e9s"},"content":{"rendered":"\n<h4 class=\"has-large-font-size\">Assurances &#8211; Bancassurances &#8211; Mutuelles<\/h4>\n\n\n\n<h5 class=\"has-accent-color has-text-color has-medium-font-size\">RCBM vous accompagne \u00e0 piloter votre transformation d&rsquo;entreprise \u00e0 impact<\/h5>\n\n\n\n<div class=\"is-layout-constrained wp-block-group alignwide\"><div class=\"wp-block-group__inner-container\">\n<div class=\"wp-block-media-text alignwide is-stacked-on-mobile\" style=\"grid-template-columns:34% auto\"><figure class=\"wp-block-media-text__media\"><img decoding=\"async\" loading=\"lazy\" width=\"1024\" height=\"732\" src=\"https:\/\/rcbm.fr\/wp-content\/uploads\/2023\/04\/RCBM_16-1024x732.jpg\" alt=\"\" class=\"wp-image-163 size-full\" srcset=\"https:\/\/rcbm.fr\/wp-content\/uploads\/2023\/04\/RCBM_16-1024x732.jpg 1024w, https:\/\/rcbm.fr\/wp-content\/uploads\/2023\/04\/RCBM_16-300x214.jpg 300w, https:\/\/rcbm.fr\/wp-content\/uploads\/2023\/04\/RCBM_16-768x549.jpg 768w, https:\/\/rcbm.fr\/wp-content\/uploads\/2023\/04\/RCBM_16-1536x1097.jpg 1536w, https:\/\/rcbm.fr\/wp-content\/uploads\/2023\/04\/RCBM_16-2048x1463.jpg 2048w\" sizes=\"(max-width: 1024px) 100vw, 1024px\" \/><\/figure><div class=\"wp-block-media-text__content\">\n<p class=\"has-background-color-color has-text-color\"><strong>AUDIT<\/strong> <strong>DE MATURITE<\/strong><\/p>\n\n\n\n<p><strong>R\u00e9alisation d&rsquo;un audit de votre maturit\u00e9 <\/strong>afin de vous centrer sur les axes \u00e0 forte valeur ajout\u00e9e \u00e0 am\u00e9liorer, pour r\u00e9ussir votre transformation.<\/p>\n\n\n\n<p><em>Vos collaborateurs, vos partenaires, votre gouvernance, votre syst\u00e8me d&rsquo;information sont-ils pr\u00eats pour la transformation \u00e0 venir ?<\/em><\/p>\n\n\n\n<p><strong>RCBM vous accompagne \u00e0 identifier les axes prioritaires et le plan d&rsquo;actions n\u00e9cessaires pour r\u00e9ussir votre transformation.<\/strong> <\/p>\n<\/div><\/div>\n<\/div><\/div>\n\n\n\n<p class=\"has-background-color-color has-text-color\"><\/p>\n\n\n\n<div class=\"is-layout-constrained wp-block-group alignwide\"><div class=\"wp-block-group__inner-container\">\n<div class=\"wp-block-media-text alignwide is-stacked-on-mobile\" style=\"grid-template-columns:34% auto\"><figure class=\"wp-block-media-text__media\"><img decoding=\"async\" loading=\"lazy\" width=\"1024\" height=\"768\" src=\"https:\/\/rcbm.fr\/wp-content\/uploads\/2023\/04\/RCBM_08-1024x768.jpg\" alt=\"\" class=\"wp-image-164 size-full\" srcset=\"https:\/\/rcbm.fr\/wp-content\/uploads\/2023\/04\/RCBM_08-1024x768.jpg 1024w, https:\/\/rcbm.fr\/wp-content\/uploads\/2023\/04\/RCBM_08-300x225.jpg 300w, https:\/\/rcbm.fr\/wp-content\/uploads\/2023\/04\/RCBM_08-768x576.jpg 768w, https:\/\/rcbm.fr\/wp-content\/uploads\/2023\/04\/RCBM_08-1536x1152.jpg 1536w, https:\/\/rcbm.fr\/wp-content\/uploads\/2023\/04\/RCBM_08-2048x1536.jpg 2048w\" sizes=\"(max-width: 1024px) 100vw, 1024px\" \/><\/figure><div class=\"wp-block-media-text__content\">\n<p class=\"has-background-color-color has-text-color\"><strong><strong>MISE EN OEUVRE DE PLAN D&rsquo;ACTIONS<\/strong><\/strong><\/p>\n\n\n\n<p><strong>D\u00e9finition d&rsquo;une gouvernance, alignement des KPIs <\/strong>et accompagnement de vos \u00e9quipes pour piloter et r\u00e9aliser la transformation en tenant compte de vos moyens humains, financiers, technologiques.<\/p>\n\n\n\n<p><em>Comment piloter votre transformation ?<\/em><\/p>\n\n\n\n<p><strong>RCBM vous accompagne \u00e0 s\u00e9curiser l&rsquo;ex\u00e9cution et le pilotage du plan d&rsquo;actions (Priorit\u00e9s, budget, planning, risques, mont\u00e9e en valeur des \u00e9quipes)<\/strong>.<\/p>\n\n\n\n<p><\/p>\n<\/div><\/div>\n<\/div><\/div>\n\n\n\n<p><\/p>\n\n\n\n<div class=\"is-layout-constrained wp-block-group alignwide\"><div class=\"wp-block-group__inner-container\">\n<div class=\"wp-block-media-text alignwide is-stacked-on-mobile\" style=\"grid-template-columns:34% auto\"><figure class=\"wp-block-media-text__media\"><img decoding=\"async\" loading=\"lazy\" width=\"2560\" height=\"1923\" src=\"https:\/\/rcbm.fr\/wp-content\/uploads\/2023\/04\/RCBM_04-scaled.jpg\" alt=\"\" class=\"wp-image-167 size-full\" srcset=\"https:\/\/rcbm.fr\/wp-content\/uploads\/2023\/04\/RCBM_04-scaled.jpg 2560w, https:\/\/rcbm.fr\/wp-content\/uploads\/2023\/04\/RCBM_04-300x225.jpg 300w, https:\/\/rcbm.fr\/wp-content\/uploads\/2023\/04\/RCBM_04-1024x769.jpg 1024w, https:\/\/rcbm.fr\/wp-content\/uploads\/2023\/04\/RCBM_04-768x577.jpg 768w, https:\/\/rcbm.fr\/wp-content\/uploads\/2023\/04\/RCBM_04-1536x1154.jpg 1536w, https:\/\/rcbm.fr\/wp-content\/uploads\/2023\/04\/RCBM_04-2048x1538.jpg 2048w\" sizes=\"(max-width: 2560px) 100vw, 2560px\" \/><\/figure><div class=\"wp-block-media-text__content\">\n<p class=\"has-background-color-color has-text-color\"><strong><strong>INDICATEURS DE PILOTAGE DE LA TRANSFORMATION <\/strong><\/strong><\/p>\n\n\n\n<p><strong>Personnalisation des KPIs <\/strong>pour que vous soyez en mesure de piloter le succ\u00e8s de votre transformation<\/p>\n\n\n\n<p><em>Comment v\u00e9rifier l&rsquo;atteinte de vos objectifs de transformation ?<\/em><\/p>\n\n\n\n<p><strong>RCBM vous accompagne \u00e0 personnaliser les KPIs et \u00e0 \u00eatre en capacit\u00e9 de prendre les mesures correctives pour r\u00e9ussir votre transformation<\/strong>.<\/p>\n<\/div><\/div>\n<\/div><\/div>\n\n\n\n<p class=\"has-background-color-color has-text-color\"><\/p>\n","protected":false},"excerpt":{"rendered":"<p>Assurances &#8211; Bancassurances &#8211; Mutuelles RCBM vous accompagne \u00e0 piloter votre transformation d&rsquo;entreprise \u00e0 impact AUDIT DE MATURITE R\u00e9alisation d&rsquo;un audit de votre maturit\u00e9 afin de vous centrer sur les axes \u00e0 forte valeur ajout\u00e9e \u00e0 am\u00e9liorer, pour r\u00e9ussir votre transformation. Vos collaborateurs, vos partenaires, votre gouvernance, votre syst\u00e8me d&rsquo;information [&hellip;]<\/p>\n","protected":false},"author":1,"featured_media":0,"parent":46,"menu_order":0,"comment_status":"closed","ping_status":"closed","template":"","meta":[],"_links":{"self":[{"href":"https:\/\/rcbm.fr\/index.php?rest_route=\/wp\/v2\/pages\/23"}],"collection":[{"href":"https:\/\/rcbm.fr\/index.php?rest_route=\/wp\/v2\/pages"}],"about":[{"href":"https:\/\/rcbm.fr\/index.php?rest_route=\/wp\/v2\/types\/page"}],"author":[{"embeddable":true,"href":"https:\/\/rcbm.fr\/index.php?rest_route=\/wp\/v2\/users\/1"}],"replies":[{"embeddable":true,"href":"https:\/\/rcbm.fr\/index.php?rest_route=%2Fwp%2Fv2%2Fcomments&post=23"}],"version-history":[{"count":19,"href":"https:\/\/rcbm.fr\/index.php?rest_route=\/wp\/v2\/pages\/23\/revisions"}],"predecessor-version":[{"id":181,"href":"https:\/\/rcbm.fr\/index.php?rest_route=\/wp\/v2\/pages\/23\/revisions\/181"}],"up":[{"embeddable":true,"href":"https:\/\/rcbm.fr\/index.php?rest_route=\/wp\/v2\/pages\/46"}],"wp:attachment":[{"href":"https:\/\/rcbm.fr\/index.php?rest_route=%2Fwp%2Fv2%2Fmedia&parent=23"}],"curies":[{"name":"wp","href":"https:\/\/api.w.org\/{rel}","templated":true}]}}